{"id":2,"date":"2018-09-17T10:44:36","date_gmt":"2018-09-17T08:44:36","guid":{"rendered":"http:\/\/vetequid.com\/?page_id=2"},"modified":"2023-07-02T19:53:56","modified_gmt":"2023-07-02T17:53:56","slug":"mieuxmeconnaitre","status":"publish","type":"page","link":"https:\/\/vetequid.com\/index.php\/mieuxmeconnaitre\/","title":{"rendered":"Mieux me conna\u00eetre"},"content":{"rendered":"<h5>Mes priorit\u00e9s : assurer un suivi optimal de vos \u00e9quid\u00e9s (chevaux, poneys et \u00e2nes), leur prodiguer les soins ad\u00e9quats tout en restant \u00e0 votre \u00e9coute &#8211; vous propri\u00e9taires ou professionnels du cheval \u2013 et r\u00e9pondre \u00e0 vos besoins.<\/h5>\n<div class=\"gridContainer\">\n<div class=\"row spaced-cols content-center-sm center-sm\">\n<div class=\"col-sm-6 col-md-4\">\n<div style=\"margin: 10px; padding: 10px; width: 95%; height: 100%; border-radius: 5px; background-color: rgba(171, 46, 77, 0.5); color: black;\">\n<p><img loading=\"lazy\" class=\"alignnone size-medium wp-image-246\" src=\"http:\/\/vetequid.com\/wp-content\/uploads\/2018\/10\/001-doctor-300x300.png\" alt=\"\" width=\"100\" height=\"100\" srcset=\"https:\/\/vetequid.com\/wp-content\/uploads\/2018\/10\/001-doctor-300x300.png 300w, https:\/\/vetequid.com\/wp-content\/uploads\/2018\/10\/001-doctor-150x150.png 150w, https:\/\/vetequid.com\/wp-content\/uploads\/2018\/10\/001-doctor.png 512w\" sizes=\"(max-width: 100px) 100vw, 100px\" \/><\/p>\n<h4 style=\"text-align: center; color: black;\">Comp\u00e9tente et rigoureuse<\/h4>\n<p style=\"text-align: justify;\">Forte d\u2019une formation solide et d\u2019une exp\u00e9rience en client\u00e8le \u00e9quine, je vous propose un service de qualit\u00e9 et un suivi appuy\u00e9 de vos \u00e9quid\u00e9s.<\/p>\n<p style=\"text-align: justify;\">En cas d\u2019affection, le diagnostic sera ajust\u00e9 et le traitement sera parfaitement adapt\u00e9 \u00e0 votre cheval.<\/p>\n<\/div>\n<\/div>\n<div class=\"col-sm-6 col-md-4\">\n<div style=\"margin: 10px; padding: 10px; width: 95%; height: 100%; border-radius: 5px; background-color: rgba(171, 46, 77, 0.5); color: black;\">\n<p><img loading=\"lazy\" class=\"alignnone size-medium wp-image-247\" src=\"http:\/\/vetequid.com\/wp-content\/uploads\/2018\/10\/002-smile-300x300.png\" alt=\"\" width=\"100\" height=\"100\" srcset=\"https:\/\/vetequid.com\/wp-content\/uploads\/2018\/10\/002-smile-300x300.png 300w, https:\/\/vetequid.com\/wp-content\/uploads\/2018\/10\/002-smile-150x150.png 150w, https:\/\/vetequid.com\/wp-content\/uploads\/2018\/10\/002-smile.png 512w\" sizes=\"(max-width: 100px) 100vw, 100px\" \/><\/p>\n<h4 style=\"text-align: center; color: black;\">Agr\u00e9able et ponctuelle<\/h4>\n<p style=\"text-align: justify;\">Passionn\u00e9e par mon m\u00e9tier, je m&rsquo;occupe de votre cheval avec sympathie et convivialit\u00e9.<\/p>\n<p style=\"text-align: justify;\">Consciente que vos journ\u00e9es peuvent \u00e9galement \u00eatre bien charg\u00e9es, je m&rsquo;\u00e9vertue \u00e0 respecter les horaires de rendez-vous. En cas de retard li\u00e9, par exemple, \u00e0 une urgence, vous \u00eates imm\u00e9diatement pr\u00e9venus.<\/p>\n<\/div>\n<\/div>\n<div class=\"col-sm-6 col-md-4\">\n<div style=\"margin: 10px; padding: 10px; width: 95%; height: 100%; border-radius: 5px; background-color: rgba(171, 46, 77, 0.5); color: black;\">\n<p><img loading=\"lazy\" class=\"alignnone size-medium wp-image-248\" src=\"http:\/\/vetequid.com\/wp-content\/uploads\/2018\/10\/003-location-on-road-300x300.png\" alt=\"\" width=\"100\" height=\"100\" srcset=\"https:\/\/vetequid.com\/wp-content\/uploads\/2018\/10\/003-location-on-road-300x300.png 300w, https:\/\/vetequid.com\/wp-content\/uploads\/2018\/10\/003-location-on-road-150x150.png 150w, https:\/\/vetequid.com\/wp-content\/uploads\/2018\/10\/003-location-on-road.png 512w\" sizes=\"(max-width: 100px) 100vw, 100px\" \/><\/p>\n<h4 style=\"text-align: center; color: black;\">Mobilit\u00e9<\/h4>\n<p style=\"text-align: justify;\">J&rsquo;interviens \u00e0 domicile,\u00a0 dans un rayon d&rsquo;environ 30 km autour de <a href=\"http:\/\/vetequid.com\/#zone-d-intervention\">Tours.<\/a><\/p>\n<p style=\"text-align: justify;\">Je me d\u00e9place ainsi avec tout le <a href=\"http:\/\/vetequid.com\/index.php\/prestations\/\">mat\u00e9riel<\/a> n\u00e9cessaire pour prodiguer \u00e0 vos chevaux, \u00e2nes et poneys les soins optimaux.<\/p>\n<\/div>\n<\/div>\n<div class=\"col-sm-6 col-md-4\">\n<div style=\"margin: 10px; padding: 10px; width: 95%; height: 100%; border-radius: 5px; background-color: rgba(171, 46, 77, 0.5); color: black;\">\n<p><img loading=\"lazy\" class=\"alignnone size-medium wp-image-249\" src=\"http:\/\/vetequid.com\/wp-content\/uploads\/2018\/10\/004-talk-300x300.png\" alt=\"\" width=\"100\" height=\"100\" srcset=\"https:\/\/vetequid.com\/wp-content\/uploads\/2018\/10\/004-talk-300x300.png 300w, https:\/\/vetequid.com\/wp-content\/uploads\/2018\/10\/004-talk-150x150.png 150w, https:\/\/vetequid.com\/wp-content\/uploads\/2018\/10\/004-talk.png 512w\" sizes=\"(max-width: 100px) 100vw, 100px\" \/><\/p>\n<h4 style=\"text-align: center; color: black;\">A votre \u00e9coute<\/h4>\n<p style=\"text-align: justify;\">Vous recevez des conseils clairs r\u00e9pondant \u00e0 vos interrogations.<\/p>\n<p style=\"text-align: justify;\">Je vous guide dans les d\u00e9cisions importantes concernant votre cheval.<\/p>\n<p style=\"text-align: justify;\">Dans un souci d\u2019optimisation du bien \u2013\u00eatre de votre cheval, je saurai vous orienter vers d\u2019autres acteurs de la sant\u00e9 \u00e9quine : dentiste \u00e9quin, ost\u00e9opathe, mar\u00e9chaux ferrants, clinique v\u00e9t\u00e9rinaire d\u2019hospitalisation\u2026 avec lesquels j&rsquo;entretiens un partenariat.<\/p>\n<\/div>\n<\/div>\n<div class=\"col-sm-6 col-md-4\">\n<div style=\"margin: 10px; padding: 10px; width: 95%; height: 100%; border-radius: 5px; background-color: rgba(171, 46, 77, 0.5); color: black;\">\n<p><img loading=\"lazy\" class=\"alignnone size-medium wp-image-262\" src=\"http:\/\/vetequid.com\/wp-content\/uploads\/2018\/10\/002-time-left-300x300.png\" alt=\"\" width=\"100\" height=\"100\" srcset=\"https:\/\/vetequid.com\/wp-content\/uploads\/2018\/10\/002-time-left-300x300.png 300w, https:\/\/vetequid.com\/wp-content\/uploads\/2018\/10\/002-time-left-150x150.png 150w, https:\/\/vetequid.com\/wp-content\/uploads\/2018\/10\/002-time-left.png 512w\" sizes=\"(max-width: 100px) 100vw, 100px\" \/><\/p>\n<h4 style=\"text-align: center; color: black;\">Disponibilit\u00e9 et s\u00e9r\u00e9nit\u00e9<\/h4>\n<p style=\"text-align: justify;\">Les <a href=\"http:\/\/vetequid.com\/#horaires\">consultations<\/a> ont lieu sur rdv du lundi au vendredi.<\/p>\n<p style=\"text-align: justify;\">Votre cheval n\u2019est, pour autant, pas d\u00e9laiss\u00e9 le reste du temps\u00a0!<\/p>\n<p style=\"text-align: justify;\">En cas d\u2019urgence n\u00e9cessitant une intervention, je me d\u00e9placerais aupr\u00e8s de votre cheval dans les plus brefs d\u00e9lais ; nuits, dimanches et jours f\u00e9ri\u00e9s.<\/p>\n<\/div>\n<\/div>\n<\/div>\n<\/div>\n","protected":false},"excerpt":{"rendered":"<p>Mes priorit\u00e9s : assurer un suivi optimal de vos \u00e9quid\u00e9s (chevaux, poneys et \u00e2nes), leur prodiguer les soins ad\u00e9quats tout en restant \u00e0 votre \u00e9coute &#8211; vous propri\u00e9taires ou professionnels du cheval \u2013 et r\u00e9pondre \u00e0 vos besoins. Comp\u00e9tente et rigoureuse Forte d\u2019une formation solide et d\u2019une exp\u00e9rience en client\u00e8le \u00e9quine, je vous propose un&nbsp;&hellip;<\/p>\n","protected":false},"author":1,"featured_media":0,"parent":0,"menu_order":0,"comment_status":"closed","ping_status":"open","template":"","meta":[],"_links":{"self":[{"href":"https:\/\/vetequid.com\/index.php\/wp-json\/wp\/v2\/pages\/2"}],"collection":[{"href":"https:\/\/vetequid.com\/index.php\/wp-json\/wp\/v2\/pages"}],"about":[{"href":"https:\/\/vetequid.com\/index.php\/wp-json\/wp\/v2\/types\/page"}],"author":[{"embeddable":true,"href":"https:\/\/vetequid.com\/index.php\/wp-json\/wp\/v2\/users\/1"}],"replies":[{"embeddable":true,"href":"https:\/\/vetequid.com\/index.php\/wp-json\/wp\/v2\/comments?post=2"}],"version-history":[{"count":51,"href":"https:\/\/vetequid.com\/index.php\/wp-json\/wp\/v2\/pages\/2\/revisions"}],"predecessor-version":[{"id":497,"href":"https:\/\/vetequid.com\/index.php\/wp-json\/wp\/v2\/pages\/2\/revisions\/497"}],"wp:attachment":[{"href":"https:\/\/vetequid.com\/index.php\/wp-json\/wp\/v2\/media?parent=2"}],"curies":[{"name":"wp","href":"https:\/\/api.w.org\/{rel}","templated":true}]}}