{"id":79,"date":"2018-10-06T17:05:32","date_gmt":"2018-10-06T15:05:32","guid":{"rendered":"http:\/\/vetequid.com\/?page_id=79"},"modified":"2023-07-02T19:54:49","modified_gmt":"2023-07-02T17:54:49","slug":"prestations","status":"publish","type":"page","link":"https:\/\/vetequid.com\/index.php\/prestations\/","title":{"rendered":"Prestations"},"content":{"rendered":"<p style=\"text-align: left;\">Un service polyvalent et performant possible gr\u00e2ce au savoir-faire de vos v\u00e9t\u00e9rinaires et au mat\u00e9riel de qualit\u00e9 dont elles disposent :<\/p>\n<ul>\n<li style=\"text-align: left;\"><strong>Capteur<\/strong> plan mobile pour la r\u00e9alisation de radiographies<\/li>\n<li style=\"text-align: left;\"><strong>Echographe<\/strong> portable<\/li>\n<li style=\"text-align: left;\"><strong>Laboratoire<\/strong> complet (h\u00e9matologie et biochimie) : une partie des analyses sanguines est m\u00eame r\u00e9alisable \u00e0 domicile pour un r\u00e9sultat rapide si le motif de consultation l\u2019exige<\/li>\n<li style=\"text-align: left;\">Tout le mat\u00e9riel n\u00e9cessaire aux consultations de m\u00e9decine et aux petites chirurgies \u00e0 domicile<\/li>\n<\/ul>\n<div class=\"gridContainer\">\n<div class=\"row spaced-cols content-center-sm center-sm\">\n<div class=\"col-sm-6 col-md-4\">\n<div style=\"margin: 10px; padding: 10px; width: 95%; height: 100%; border-radius: 5px; background-color: rgba(171, 46, 77, 0.5); color: black;\">\n<p><img loading=\"lazy\" class=\"alignnone size-medium wp-image-261\" src=\"http:\/\/vetequid.com\/wp-content\/uploads\/2018\/10\/001-horse-black-running-shape-300x300.png\" alt=\"\" width=\"100\" height=\"100\" srcset=\"https:\/\/vetequid.com\/wp-content\/uploads\/2018\/10\/001-horse-black-running-shape-300x300.png 300w, https:\/\/vetequid.com\/wp-content\/uploads\/2018\/10\/001-horse-black-running-shape-150x150.png 150w, https:\/\/vetequid.com\/wp-content\/uploads\/2018\/10\/001-horse-black-running-shape.png 512w\" sizes=\"(max-width: 100px) 100vw, 100px\" \/><\/p>\n<h4 style=\"text-align: center; color: black;\">M\u00e9decine pr\u00e9ventive<\/h4>\n<p style=\"text-align: justify; color: #696969;\">Vous souhaitez optimiser la sant\u00e9 de votre cheval\u00a0?<\/p>\n<p style=\"text-align: justify;\">Votre v\u00e9t\u00e9rinaire vous accompagne en mettant en place des protocoles de vaccination, de vermifugation, des conseils d\u2019alimentation,\u2026adapt\u00e9s \u00e0 votre cheval\u00a0; ce qui permettra de limiter de nombreuses pathologies.<\/p>\n<p style=\"text-align: justify;\"><em>Vous gagnez en s\u00e9r\u00e9nit\u00e9\u00a0!<\/em><\/p>\n<\/div>\n<\/div>\n<div class=\"col-sm-6 col-md-4\">\n<div style=\"margin: 10px; padding: 10px; width: 95%; height: 100%; border-radius: 5px; background-color: rgba(171, 46, 77, 0.5); color: black;\">\n<p><img loading=\"lazy\" class=\"size-medium wp-image-235 aligncenter\" src=\"http:\/\/vetequid.com\/wp-content\/uploads\/2018\/10\/001-stethoscope-300x300.png\" alt=\"\" width=\"100\" height=\"100\" srcset=\"https:\/\/vetequid.com\/wp-content\/uploads\/2018\/10\/001-stethoscope-300x300.png 300w, https:\/\/vetequid.com\/wp-content\/uploads\/2018\/10\/001-stethoscope-150x150.png 150w, https:\/\/vetequid.com\/wp-content\/uploads\/2018\/10\/001-stethoscope.png 512w\" sizes=\"(max-width: 100px) 100vw, 100px\" \/><\/p>\n<h4 style=\"text-align: center; color: black;\">M\u00e9decine g\u00e9n\u00e9rale<\/h4>\n<p style=\"text-align: justify; color: #696969;\">Votre cheval pr\u00e9sente un probl\u00e8me respiratoire ou cardiaque, une baisse de performance, des troubles digestifs, un probl\u00e8me dermatologique, une atteinte des yeux,\u2026\u00a0?<\/p>\n<p style=\"text-align: justify;\">Quels que soient l\u2019\u00e2ge et l\u2019activit\u00e9 de votre cheval, il est sujet \u00e0 de courants tracas de sant\u00e9.<\/p>\n<p style=\"text-align: justify;\">Autant d\u2019affections que votre v\u00e9t\u00e9rinaire est en mesure de prendre en charge.<\/p>\n<p style=\"text-align: justify;\"><em>Nous aspirons ensemble au meilleur pour votre cheval\u00a0: une sant\u00e9 de fer\u00a0!<\/em><\/p>\n<\/div>\n<\/div>\n<div class=\"col-sm-6 col-md-4\">\n<div style=\"margin: 10px; padding: 10px; width: 95%; height: 100%; border-radius: 5px; background-color: rgba(171, 46, 77, 0.5); color: black;\">\n<p><img loading=\"lazy\" class=\"alignnone size-medium wp-image-237\" src=\"http:\/\/vetequid.com\/wp-content\/uploads\/2018\/10\/003-eye-300x300.png\" alt=\"\" width=\"100\" height=\"100\" srcset=\"https:\/\/vetequid.com\/wp-content\/uploads\/2018\/10\/003-eye-300x300.png 300w, https:\/\/vetequid.com\/wp-content\/uploads\/2018\/10\/003-eye-150x150.png 150w, https:\/\/vetequid.com\/wp-content\/uploads\/2018\/10\/003-eye.png 512w\" sizes=\"(max-width: 100px) 100vw, 100px\" \/><\/p>\n<h4 style=\"text-align: center; color: black;\">Ophtalmologie<\/h4>\n<p style=\"text-align: justify; color: #696969;\">Votre cheval a un \u0153il ferm\u00e9, rouge et douloureux\u00a0? Un voile blanc\u00a0?&#8230;<\/p>\n<p style=\"text-align: justify;\">Autant d\u2019anomalies \u00e0 ne pas n\u00e9gliger.<\/p>\n<p style=\"text-align: justify;\">Votre v\u00e9t\u00e9rinaire dispose du mat\u00e9riel d\u2019ophtalmologie n\u00e9cessaire \u00e0 un bon examen opthalmologique.<\/p>\n<p style=\"text-align: justify;\">En partenariat avec la clinique du Grand Renaud (Le Mans), elle pourra r\u00e9f\u00e9rer votre cheval pour des soins plus pouss\u00e9s (chirurgies complexes, hospitalisation,\u2026)<\/p>\n<p style=\"text-align: justify;\"><em>Votre v\u00e9t\u00e9rinaire garde un \u0153il sur votre cheval\u00a0!<\/em><\/p>\n<\/div>\n<\/div>\n<div class=\"col-sm-6 col-md-4\">\n<div style=\"margin: 10px; padding: 10px; width: 95%; height: 100%; border-radius: 5px; background-color: rgba(171, 46, 77, 0.5); color: black;\">\n<p><img loading=\"lazy\" class=\"alignnone size-medium wp-image-238\" src=\"http:\/\/vetequid.com\/wp-content\/uploads\/2018\/10\/004-ultrasound-300x300.png\" alt=\"\" width=\"100\" height=\"100\" srcset=\"https:\/\/vetequid.com\/wp-content\/uploads\/2018\/10\/004-ultrasound-300x300.png 300w, https:\/\/vetequid.com\/wp-content\/uploads\/2018\/10\/004-ultrasound-150x150.png 150w, https:\/\/vetequid.com\/wp-content\/uploads\/2018\/10\/004-ultrasound.png 512w\" sizes=\"(max-width: 100px) 100vw, 100px\" \/><\/p>\n<h4 style=\"text-align: center; color: black;\">Suivi gyn\u00e9cologique<\/h4>\n<p style=\"text-align: justify; color: #696969;\">Vous souhaitez mettre une jument \u00e0 la reproduction\u00a0?<\/p>\n<p style=\"text-align: justify;\">Votre v\u00e9t\u00e9rinaire peut r\u00e9aliser le suivi gyn\u00e9cologique de votre jument ainsi que les ins\u00e9minations artificielles en semence fra\u00eeche, \u00e0 votre domicile (si les conditions le permettent).<\/p>\n<p style=\"text-align: justify;\">A la naissance de votre poulain, votre v\u00e9t\u00e9rinaire pourra s\u2019assurer que la m\u00e8re et le nouveau-n\u00e9 se portent bien.<\/p>\n<\/div>\n<\/div>\n<div class=\"col-sm-6 col-md-4\">\n<div style=\"margin: 10px; padding: 10px; width: 95%; height: 100%; border-radius: 5px; background-color: rgba(171, 46, 77, 0.5); color: black;\">\n<p><img loading=\"lazy\" class=\"alignnone size-medium wp-image-239\" src=\"http:\/\/vetequid.com\/wp-content\/uploads\/2018\/10\/005-horseshoe-without-holes-and-with-slits-300x300.png\" alt=\"\" width=\"100\" height=\"100\" srcset=\"https:\/\/vetequid.com\/wp-content\/uploads\/2018\/10\/005-horseshoe-without-holes-and-with-slits-300x300.png 300w, https:\/\/vetequid.com\/wp-content\/uploads\/2018\/10\/005-horseshoe-without-holes-and-with-slits-150x150.png 150w, https:\/\/vetequid.com\/wp-content\/uploads\/2018\/10\/005-horseshoe-without-holes-and-with-slits.png 512w\" sizes=\"(max-width: 100px) 100vw, 100px\" \/><\/p>\n<h4 style=\"text-align: center; color: black;\">Orthop\u00e9die<\/h4>\n<p style=\"text-align: justify; color: #696969;\">Votre cheval bo\u00eete, se montre moins performant \u00e0 l\u2019effort ou vous semble g\u00ean\u00e9 lorsqu\u2019il se d\u00e9place\u00a0?<\/p>\n<p style=\"text-align: justify;\">Votre v\u00e9t\u00e9rinaire peut l\u2019examiner attentivement et r\u00e9aliser sur place d\u2019\u00e9ventuels examens compl\u00e9mentaires (radiographies, \u00e9chographies\u2026) pour d\u00e9terminer la cause de cette g\u00eane et proposer une prise en charge ad\u00e9quat.<\/p>\n<p style=\"text-align: justify;\">En lien avec ost\u00e9opathes et mar\u00e9chaux, elle met tout en \u0153uvre avec eux pour am\u00e9liorer la locomotion de votre cheval.<\/p>\n<p style=\"text-align: justify;\"><em>Acteurs de la sant\u00e9 du cheval, unissons nos savoir-faire\u00a0!<\/em><\/p>\n<\/div>\n<\/div>\n<div class=\"col-sm-6 col-md-4\">\n<div style=\"margin: 10px; padding: 10px; width: 95%; height: 100%; border-radius: 5px; background-color: rgba(171, 46, 77, 0.5); color: black;\">\n<p><img loading=\"lazy\" class=\"alignnone size-medium wp-image-240\" src=\"http:\/\/vetequid.com\/wp-content\/uploads\/2018\/10\/006-cross-300x300.png\" alt=\"\" width=\"100\" height=\"100\" srcset=\"https:\/\/vetequid.com\/wp-content\/uploads\/2018\/10\/006-cross-300x300.png 300w, https:\/\/vetequid.com\/wp-content\/uploads\/2018\/10\/006-cross-150x150.png 150w, https:\/\/vetequid.com\/wp-content\/uploads\/2018\/10\/006-cross.png 512w\" sizes=\"(max-width: 100px) 100vw, 100px\" \/><\/p>\n<h4 style=\"text-align: center; color: black;\">Urgences<\/h4>\n<p style=\"text-align: justify; color: #696969;\">Votre cheval n\u2019est\u00a0pas bien\u00a0?<\/p>\n<p style=\"text-align: justify;\">Coliques, bouchons \u0153sophagiens, plaies, fi\u00e8vre, cheval couch\u00e9, urgences ophtalmiques,\u2026\u00a0?<\/p>\n<p style=\"text-align: justify;\">Vous \u00eates inquiets\u00a0?<\/p>\n<p style=\"text-align: justify;\">Vous pouvez joindre votre v\u00e9t\u00e9rinaire \u00e0 tout moment par t\u00e9l\u00e9phone. Elle veille \u00e0 vous apporter des conseils rassurants\u00a0; et si son intervention est n\u00e9cessaire, elle se rendra aupr\u00e8s de votre cheval dans les plus brefs d\u00e9lais.<\/p>\n<p style=\"text-align: justify;\"><em>Vous gagnez davantage en s\u00e9r\u00e9nit\u00e9\u00a0!<\/em><\/p>\n<\/div>\n<\/div>\n<div class=\"col-sm-6 col-md-4\">\n<div style=\"margin: 10px; padding: 10px; width: 95%; height: 100%; border-radius: 5px; background-color: rgba(171, 46, 77, 0.5); color: black;\">\n<p><img loading=\"lazy\" class=\"alignnone size-medium wp-image-241\" src=\"http:\/\/vetequid.com\/wp-content\/uploads\/2018\/10\/007-surgery-300x300.png\" alt=\"\" width=\"100\" height=\"100\" srcset=\"https:\/\/vetequid.com\/wp-content\/uploads\/2018\/10\/007-surgery-300x300.png 300w, https:\/\/vetequid.com\/wp-content\/uploads\/2018\/10\/007-surgery-150x150.png 150w, https:\/\/vetequid.com\/wp-content\/uploads\/2018\/10\/007-surgery.png 512w\" sizes=\"(max-width: 100px) 100vw, 100px\" \/><\/p>\n<h4 style=\"text-align: center; color: black;\">Chirurgie<\/h4>\n<p style=\"text-align: justify; color: #696969;\">Votre cheval s\u2019est fait une plaie ou pr\u00e9sente une masse cutan\u00e9e\u00a0?<\/p>\n<p style=\"text-align: justify;\">Les interventions de ce type sont r\u00e9alisables \u00e0 votre domicile.<\/p>\n<p style=\"text-align: justify;\">Si un bloc chirurgical et\/ou une hospitalisation post-op\u00e9ratoire sont indiqu\u00e9s, votre v\u00e9t\u00e9rinaire vous orientera vers la Clinique du Grand Renaud (Dr Bussy, Le Mans) et conservera un \u0153il attentif sur le suivi post-chirurgical de votre cheval apr\u00e8s sa sortie.<\/p>\n<p style=\"text-align: justify;\"><em>Vous pouvez avoir confiance en votre v\u00e9t\u00e9rinaire\u00a0!<\/em><\/p>\n<\/div>\n<\/div>\n<\/div>\n<\/div>\n","protected":false},"excerpt":{"rendered":"<p>Un service polyvalent et performant possible gr\u00e2ce au savoir-faire de vos v\u00e9t\u00e9rinaires et au mat\u00e9riel de qualit\u00e9 dont elles disposent : Capteur plan mobile pour la r\u00e9alisation de radiographies Echographe portable Laboratoire complet (h\u00e9matologie et biochimie) : une partie des analyses sanguines est m\u00eame r\u00e9alisable \u00e0 domicile pour un r\u00e9sultat rapide si le motif de&nbsp;&hellip;<\/p>\n","protected":false},"author":1,"featured_media":0,"parent":0,"menu_order":0,"comment_status":"closed","ping_status":"closed","template":"","meta":[],"_links":{"self":[{"href":"https:\/\/vetequid.com\/index.php\/wp-json\/wp\/v2\/pages\/79"}],"collection":[{"href":"https:\/\/vetequid.com\/index.php\/wp-json\/wp\/v2\/pages"}],"about":[{"href":"https:\/\/vetequid.com\/index.php\/wp-json\/wp\/v2\/types\/page"}],"author":[{"embeddable":true,"href":"https:\/\/vetequid.com\/index.php\/wp-json\/wp\/v2\/users\/1"}],"replies":[{"embeddable":true,"href":"https:\/\/vetequid.com\/index.php\/wp-json\/wp\/v2\/comments?post=79"}],"version-history":[{"count":25,"href":"https:\/\/vetequid.com\/index.php\/wp-json\/wp\/v2\/pages\/79\/revisions"}],"predecessor-version":[{"id":498,"href":"https:\/\/vetequid.com\/index.php\/wp-json\/wp\/v2\/pages\/79\/revisions\/498"}],"wp:attachment":[{"href":"https:\/\/vetequid.com\/index.php\/wp-json\/wp\/v2\/media?parent=79"}],"curies":[{"name":"wp","href":"https:\/\/api.w.org\/{rel}","templated":true}]}}