{"id":89,"date":"2018-10-16T22:43:42","date_gmt":"2018-10-16T20:43:42","guid":{"rendered":"http:\/\/vetequid.com\/index.php\/materialis\/"},"modified":"2023-07-02T19:52:26","modified_gmt":"2023-07-02T17:52:26","slug":"materialis","status":"publish","type":"page","link":"https:\/\/vetequid.com\/","title":{"rendered":"Accueil"},"content":{"rendered":"<div class=\"wp-block-group\">\n<div class=\"wp-block-group__inner-container\">\n<div id=\"a-propos\" class=\"about-4 content-section content-section-spacing-large\" style=\"background-color: #f5fafd;\" data-label=\"A propos\" data-id=\"about-4\" data-export-id=\"about-4\" data-category=\"about\">\n<div class=\"\">\n<div class=\"row middle-sm text-center\">\n<div class=\"col-sm-5 space-bottom-xs\" data-type=\"column\">\n<h2 class=\"\">Mon parcours<\/h2>\n<h5 class=\"\"><\/h5>\n<p class=\"\" style=\"margin-bottom: 0px; text-align: justify; font-stretch: normal; font-size: 16px; line-height: normal; font-family: Helvetica; color: #7b869e;\"><span style=\"font-kerning: none; background-color: #f3f9fc;\">\u00ab\u00a0Dipl\u00f4m\u00e9e de l\u2019Ecole Nationale V\u00e9t\u00e9rinaire de Lyon (ENVL) en 2011, j\u2019ai compl\u00e9t\u00e9 ma formation en me sp\u00e9cialisant dans la pratique v\u00e9t\u00e9rinaire aupr\u00e8s de chevaux lors d\u2019un <b>internat<\/b> \u00e0 l\u2019ENVL.<\/span><\/p>\n<p class=\"\"><\/p>\n<p class=\"\" style=\"margin-bottom: 0px; text-align: justify; font-stretch: normal; font-size: 16px; line-height: normal; font-family: Helvetica; color: #7b869e;\"><span style=\"font-kerning: none; background-color: #f3f9fc;\">Tr\u00e8s t\u00f4t int\u00e9ress\u00e9e par l\u2019ophtalmologie, j\u2019ai soutenu ma th\u00e8se au sujet d\u2019Anomalies Cong\u00e9nitales Oculaires Multiples, et je suis titulaire du <b>Dipl\u00f4me d\u2019Ecole (DE) d\u2019Ophtalmologie<\/b>\u00a0de Maisons-Alfort.<\/span><\/p>\n<p class=\"\"><\/p>\n<p class=\"\" style=\"margin-bottom: 0px; text-align: justify; font-stretch: normal; font-size: 16px; line-height: normal; font-family: Helvetica; color: #7b869e;\"><span style=\"font-kerning: none; background-color: #f3f9fc;\">Ayant exerc\u00e9 en client\u00e8le \u00e9quine durant plus de 5 ann\u00e9es, je franchis le pas et m\u2019installe \u00e0 mon compte en d\u00e9cembre 2018. \u00bb<\/span><\/p>\n<p class=\"\" style=\"margin-bottom: 0px; text-align: justify; font-stretch: normal; font-size: 16px; line-height: normal; font-family: Helvetica; color: #7b869e; min-height: 19px;\"><\/p>\n<p class=\"\" style=\"text-align: left;\"><\/p>\n<p class=\"\" style=\"text-align: justify; font-stretch: normal; font-size: 16px; line-height: normal; font-family: Helvetica; color: #7b869e; background-color: #f3f9fc;\"><strong><span style=\"font-kerning: none;\">Mes priorit\u00e9s : assurer un suivi optimal de vos \u00e9quid\u00e9s (chevaux, poneys et \u00e2nes), leur prodiguer les soins ad\u00e9quats tout en restant \u00e0 votre \u00e9coute \u2013 vous propri\u00e9taires ou professionnels du cheval \u2013 et r\u00e9pondre \u00e0 vos besoins.<\/span><\/strong><\/p>\n<p class=\"\"><a class=\"link\" href=\"http:\/\/vetequid.com\/index.php\/mieuxmeconnaitre\" target=\"_self\" rel=\"noopener noreferrer\" data-cp-link=\"1\">en savoir plus<\/a><\/p>\n\n<\/div>\n<div class=\"col-sm-7 flexbox center-xs middle-xs image-group-2-img padding-top-bottom\"><img class=\"img-1 rounded mdc-elevation--z10\" src=\"http:\/\/vetequid.com\/wp-content\/uploads\/2018\/11\/cropped-20181005_20123424458-2.jpg\" data-size=\"250x200\" \/> <img class=\"img-2 rounded mdc-elevation--z10\" src=\"http:\/\/vetequid.com\/wp-content\/uploads\/2018\/10\/cropped-20181005_200836-6.jpg\" data-size=\"220x170\" \/><\/div>\n<\/div>\n<\/div>\n<\/div>\n<div id=\"prestations\" class=\"features-16 content-section content-section-spacing-large\" style=\"background-color: #ffffff;\" data-label=\"Prestations\" data-id=\"features--2\" data-export-id=\"features-16\" data-category=\"features\">\n<div class=\"gridContainer\">\n<div class=\"row text-center\">\n<div class=\"section-title-col\" data-type=\"column\">\n<h2 class=\"\">Prestations<\/h2>\n<p class=\"\"><a class=\"link\" href=\"http:\/\/vetequid.com\/index.php\/prestations\" target=\"_self\" rel=\"noopener noreferrer\" data-cp-link=\"1\">Plus d\u2019informations<\/a><\/p>\n\n<\/div>\n<\/div>\n<div class=\"row spaced-cols content-center-sm center-sm\" data-type=\"row\">\n<div class=\"col-xs-12 col-sm-6 space-bottom col-md-3 \">\n\n<img class=\"face mdc-elevation--z3\" src=\"http:\/\/vetequid.com\/wp-content\/uploads\/2018\/10\/cropped-photo-m\u00e9decine-pr\u00e9ventive.jpg\" \/>\n<div class=\"col-padding-small col-padding-small-xs description-container\" data-type=\"column\">\n<h4 class=\"font-500\">M\u00e9decine pr\u00e9ventive<\/h4>\n<\/div>\n<\/div>\n<div class=\"col-xs-12 col-sm-6 space-bottom col-md-3 \">\n\n<img class=\"face mdc-elevation--z3\" src=\"http:\/\/vetequid.com\/wp-content\/uploads\/2020\/01\/cropped-copi2.jpg\" \/>\n<div class=\"col-padding-small col-padding-small-xs description-container\" data-type=\"column\">\n<h4 class=\"font-500\">M\u00e9decine g\u00e9n\u00e9rale<\/h4>\n<\/div>\n<\/div>\n<div class=\"col-xs-12 col-sm-6 space-bottom col-md-3 \">\n\n<img class=\"face mdc-elevation--z3\" src=\"http:\/\/vetequid.com\/wp-content\/uploads\/2019\/07\/cropped-IMG_20190410_160430.jpg\" \/>\n<div class=\"col-padding-small col-padding-small-xs description-container\" data-type=\"column\">\n<h4 class=\"font-500\">Ophtalmologie<\/h4>\n<\/div>\n<\/div>\n<div class=\"col-xs-12 col-sm-6 space-bottom col-md-3\">\n\n<img class=\"face mdc-elevation--z3\" src=\"http:\/\/vetequid.com\/wp-content\/uploads\/2020\/01\/cropped-Echo-poulain-3eme-dg.jpg\" \/>\n<div class=\"col-padding-small col-padding-small-xs description-container\" data-type=\"column\">\n<h4 class=\"font-500\">Suivi gyn\u00e9cologique<\/h4>\n<\/div>\n<\/div>\n<div class=\"col-xs-12 col-sm-6 space-bottom col-md-3\">\n\n<img class=\"face mdc-elevation--z3\" src=\"http:\/\/vetequid.com\/wp-content\/uploads\/2019\/07\/cropped-IMG_20190316_141705-1.jpg\" \/>\n<div class=\"col-padding-small col-padding-small-xs description-container\" data-type=\"column\">\n<h4 class=\"font-500\">Orthop\u00e9die<\/h4>\n<\/div>\n<\/div>\n<div class=\"col-xs-12 col-sm-6 space-bottom col-md-3\">\n\n<img class=\"face mdc-elevation--z3\" src=\"http:\/\/vetequid.com\/wp-content\/uploads\/2020\/01\/cropped-IMG_20191113_164939b.jpg\" \/>\n<div class=\"col-padding-small col-padding-small-xs description-container\" data-type=\"column\">\n<h4 class=\"font-500\">Urgences<\/h4>\n<p class=\"\">(coliques, bouchon oesophagien, uv\u00e9ite, plaie, fracture, \u2026)<\/p>\n\n<\/div>\n<\/div>\n<div class=\"col-xs-12 col-sm-6 space-bottom col-md-3\">\n\n<img class=\"face mdc-elevation--z3\" src=\"http:\/\/vetequid.com\/wp-content\/uploads\/2020\/03\/cropped-SAM_1280bis.jpg\" \/>\n<div class=\"col-padding-small col-padding-small-xs description-container\" data-type=\"column\">\n<h4 class=\"font-500\">Chirurgie<\/h4>\n<p class=\"\">(castration, masse cutan\u00e9e,\u2026)<\/p>\n\n<\/div>\n<\/div>\n<\/div>\n<\/div>\n<\/div>\n<div id=\"zone-d-intervention\" class=\"content-7m content-section-spacing-large content-section\" style=\"background-color: #f5fafd; background-image: none;\" data-label=\"Zone d intervention\" data-id=\"content--NaN\" data-export-id=\"content-7-materialis\" data-category=\"content\">\n<div class=\"gridContainer\">\n<div class=\"row middle-sm\">\n<div class=\"col-md-6 col-xs-12 col-sm-6 col-padding-small-xs\"><img class=\"mdc-elevation--z13 img-rounded\" src=\"http:\/\/vetequid.com\/wp-content\/uploads\/2021\/05\/cropped-zone-intervention-mai-2021-bis.png\" \/><\/div>\n<div class=\"col-md-5 col-md-offset-1 col-xs-12 col-sm-6 content-left-sm col-padding-small-xs\" data-type=\"column\">\n<h3 class=\"space-bottom\">Zones d\u2019intervention<\/h3>\n<p class=\"space-top\">Bas\u00e9e \u00e0 Semblancay (37), j\u2019interviens essentiellement dans le secteur de Tours (Indre-et-loire, 37).<\/p>\n<p class=\"\">A titre indicatif, vous trouverez sur la carte ci-contre mon secteur d\u2019intervention, me permettant de r\u00e9pondre de mani\u00e8re r\u00e9active aux \u00e9ventuelles urgences (45 minutes de route maximum).<\/p>\n\n<div class=\"\"><\/div>\n<\/div>\n<\/div>\n<\/div>\n<\/div>\n<div id=\"horaires\" class=\"content-8m content-section-spacing-large content-section\" style=\"background-color: #ffffff;\" data-label=\"Horaires\" data-id=\"content-8-materialis\" data-export-id=\"content-8-materialis\" data-category=\"content\">\n<div class=\"gridContainer\">\n<div class=\"row middle-sm\">\n<div class=\"col-md-5 col-xs-12 col-sm-6 space-bottom-xs\" data-type=\"column\">\n<h3 class=\"\">Horaires<\/h3>\n<p class=\"\" style=\"margin-bottom: 0px; font-stretch: normal; font-size: 16px; line-height: normal; font-family: Helvetica; color: #7b869e;\"><span style=\"-webkit-font-kerning: none;\">Les consultations ont lieu du <b>lundi au vendredi<\/b>.<\/span><\/p>\n<p class=\"\" style=\"margin-bottom: 0px; font-stretch: normal; font-size: 16px; line-height: normal; font-family: Helvetica; color: #7b869e;\"><\/p>\nJe suis joignable par t\u00e9l\u00e9phone de <strong class=\"\">9h \u00e0 18h30<\/strong> pour des renseignements et prise de rdv; le reste du temps est r\u00e9serv\u00e9 aux urgences.\n<p class=\"\" style=\"margin-bottom: 0px; font-stretch: normal; font-size: 16px; line-height: normal; font-family: Helvetica; color: #7b869e;\"><\/p>\nLes urgences sont assur\u00e9es jours et nuits.\n<p class=\"\" style=\"margin-bottom: 0px; font-stretch: normal; font-size: 16px; line-height: normal; font-family: Helvetica; color: #7b869e;\"><span style=\"-webkit-font-kerning: none;\">Un suppl\u00e9ment est appliqu\u00e9:<\/span><\/p>\n<p class=\"\" style=\"margin-bottom: 0px; font-stretch: normal; font-size: 16px; line-height: normal; font-family: Helvetica; color: #7b869e;\"><span style=\"-webkit-font-kerning: none;\">\u00a0\u2013 de 19h \u00e0 9h<\/span><\/p>\n<p class=\"\" style=\"margin-bottom: 0px; font-stretch: normal; font-size: 16px; line-height: normal; font-family: Helvetica; color: #7b869e;\"><span style=\"-webkit-font-kerning: none;\">\u00a0\u2013 les samedi, dimanche et jours f\u00e9ri\u00e9s<\/span><\/p>\n<p class=\"\" style=\"font-stretch: normal; font-size: 14px; line-height: normal; font-family: 'Helvetica Neue'; color: #68738c;\"><span style=\"font-kerning: none;\"><i>Un r\u00e8glement (par CB pr\u00e9f\u00e9rentiellement) vous sera demand\u00e9 \u00e0 l\u2019issue de la consultation.<\/i><\/span><\/p>\n\n<\/div>\n<div class=\"col-md-6 col-md-offset-1 col-xs-12 col-sm-6\"><img class=\"mdc-elevation--z9 rounded\" src=\"http:\/\/vetequid.com\/wp-content\/uploads\/2020\/01\/IMG_20190823_195713.jpg\" \/><\/div>\n<\/div>\n<\/div>\n<\/div>\n<div id=\"actualites\" class=\"latest-news-1-materialis content-section content-section-spacing-large\" style=\"background-color: #f5fafd;\" data-label=\"Actualites\" data-id=\"latest-news-1-materialis\" data-export-id=\"latest-news-1-materialis\" data-category=\"latest_news\">\n<div class=\"gridContainer\">\n<div class=\"row\">\n<div class=\"section-title-col\" data-type=\"column\">\n<h2 class=\"\">Actualit\u00e9s<\/h2>\n<\/div>\n<\/div>\n<div class=\"row content-left-sm\">\n<div data-type=\"row\" data-dynamic-columns=\"handled\" data-content-shortcode=\"materialis_latest_news\">        <div class=\"row materialis-latest-news\">\r\n                    <div id=\"post-493\" class=\"col-sm-6 col-md-4 space-bottom space-bottom-xs\">\r\n                    <div class=\"post-content no-padding  mdc-card overflow-hidden mdc-elevation--z2 latest-news-layout-cards\">\r\n                    <div class=\"\">\r\n                    <div class=\"post-thumbnail\">\n        <a href=\"https:\/\/vetequid.com\/index.php\/2022\/03\/08\/bonne-annee-2022\/\" class=\"post-list-item-thumb \">\n                    <svg class=\"materialis-post-list-item-thumb-placeholder\" width=\"890\" height=\"580\" viewBox=\"0 0 890 580\" preserveAspectRatio=\"none\">\n            <rect width=\"890\" height=\"580\" style=\"fill:#228ae6;\"><\/rect>\n        <\/svg>\n                <\/a>\n    <\/div>\n                <\/div>\r\n        \r\n        <div class=\"post-content-body col-padding  \">\r\n                            <div class=\"space-bottom-small\">\r\n                    <a href=\"https:\/\/vetequid.com\/index.php\/category\/non-classe\/\"  class=\"button color5 link \">Non class\u00e9<\/a>                <\/div>\r\n            \r\n            <h4 class=\"latest-news-item-title\">\r\n                <a href=\"https:\/\/vetequid.com\/index.php\/2022\/03\/08\/bonne-annee-2022\/\" rel=\"bookmark\">\r\n                    Bonne ann\u00e9e 2022!                <\/a>\r\n            <\/h4>\r\n\r\n            \r\n            <div class=\"latest-news-item-excerpt\">\r\n                            <\/div>\r\n\r\n\r\n        <\/div>\r\n                            <div class=\"mdc-card__actions box-padding-lr-small text-dark\">\r\n                <div class=\"mdc-card__action-icons col-xs-12 text-dark col-sm-fit no-padding-left\">\r\n                        <a class=\"post-footer-link\" href=\"https:\/\/vetequid.com\/index.php\/2022\/03\/08\/bonne-annee-2022\/\">\r\n        <i class=\"mdi small mdi-comment-outline mdc-card__action mdc-card__action--icon color-darkgray\" title=\"Comments\"><\/i>\r\n        <span class=\"post-footer-value\">0<\/span>\r\n    <\/a>\r\n    <a class=\"post-footer-link\" href=\"https:\/\/vetequid.com\/index.php\/2022\/03\/08\/bonne-annee-2022\/\">\r\n        <i class=\"mdi small mdi-clock mdc-card__action mdc-card__action--icon color-darkgray\" title=\"Post Time\"><\/i>\r\n        <span class=\"post-footer-value\">8 mars 2022<\/span>\r\n    <\/a>\r\n                    <\/div>\r\n                <div class=\"mdc-card__action-buttons col-xs-12 col-sm-fit no-padding\">\r\n                    <a href=\"https:\/\/vetequid.com\/index.php\/2022\/03\/08\/bonne-annee-2022\/\" class=\"button color2 link\">Lire la suite<\/a>\r\n                <\/div>\r\n            <\/div>\r\n            <\/div>\r\n                <\/div>\r\n                    <div id=\"post-461\" class=\"col-sm-6 col-md-4 space-bottom space-bottom-xs\">\r\n                    <div class=\"post-content no-padding  mdc-card overflow-hidden mdc-elevation--z2 latest-news-layout-cards\">\r\n                    <div class=\"\">\r\n                    <div class=\"post-thumbnail\">\n        <a href=\"https:\/\/vetequid.com\/index.php\/2021\/01\/08\/bonne-annee-2021\/\" class=\"post-list-item-thumb \">\n            <img width=\"428\" height=\"419\" src=\"https:\/\/vetequid.com\/wp-content\/uploads\/2021\/01\/bonne-annee-2021-bis.png\" class=\"attachment-post-thumbnail size-post-thumbnail wp-post-image\" alt=\"\" loading=\"lazy\" srcset=\"https:\/\/vetequid.com\/wp-content\/uploads\/2021\/01\/bonne-annee-2021-bis.png 428w, https:\/\/vetequid.com\/wp-content\/uploads\/2021\/01\/bonne-annee-2021-bis-300x294.png 300w\" sizes=\"(max-width: 428px) 100vw, 428px\" \/>        <\/a>\n    <\/div>\n                <\/div>\r\n        \r\n        <div class=\"post-content-body col-padding  \">\r\n                            <div class=\"space-bottom-small\">\r\n                    <a href=\"https:\/\/vetequid.com\/index.php\/category\/non-classe\/\"  class=\"button color5 link \">Non class\u00e9<\/a>                <\/div>\r\n            \r\n            <h4 class=\"latest-news-item-title\">\r\n                <a href=\"https:\/\/vetequid.com\/index.php\/2021\/01\/08\/bonne-annee-2021\/\" rel=\"bookmark\">\r\n                    Bonne ann\u00e9e 2021!                <\/a>\r\n            <\/h4>\r\n\r\n            \r\n            <div class=\"latest-news-item-excerpt\">\r\n                <p>Apr\u00e8s une ann\u00e9e mouvement\u00e9e pour tous, je vous souhaite une tr\u00e8s belle ann\u00e9e 2021, pleine[&hellip;]<\/p>\n            <\/div>\r\n\r\n\r\n        <\/div>\r\n                            <div class=\"mdc-card__actions box-padding-lr-small text-dark\">\r\n                <div class=\"mdc-card__action-icons col-xs-12 text-dark col-sm-fit no-padding-left\">\r\n                        <a class=\"post-footer-link\" href=\"https:\/\/vetequid.com\/index.php\/2021\/01\/08\/bonne-annee-2021\/\">\r\n        <i class=\"mdi small mdi-comment-outline mdc-card__action mdc-card__action--icon color-darkgray\" title=\"Comments\"><\/i>\r\n        <span class=\"post-footer-value\">0<\/span>\r\n    <\/a>\r\n    <a class=\"post-footer-link\" href=\"https:\/\/vetequid.com\/index.php\/2021\/01\/08\/bonne-annee-2021\/\">\r\n        <i class=\"mdi small mdi-clock mdc-card__action mdc-card__action--icon color-darkgray\" title=\"Post Time\"><\/i>\r\n        <span class=\"post-footer-value\">8 janvier 2021<\/span>\r\n    <\/a>\r\n                    <\/div>\r\n                <div class=\"mdc-card__action-buttons col-xs-12 col-sm-fit no-padding\">\r\n                    <a href=\"https:\/\/vetequid.com\/index.php\/2021\/01\/08\/bonne-annee-2021\/\" class=\"button color2 link\">Lire la suite<\/a>\r\n                <\/div>\r\n            <\/div>\r\n            <\/div>\r\n                <\/div>\r\n                    <div id=\"post-390\" class=\"col-sm-6 col-md-4 space-bottom space-bottom-xs\">\r\n                    <div class=\"post-content no-padding  mdc-card overflow-hidden mdc-elevation--z2 latest-news-layout-cards\">\r\n                    <div class=\"\">\r\n                    <div class=\"post-thumbnail\">\n        <a href=\"https:\/\/vetequid.com\/index.php\/2020\/01\/27\/veterinaire-a-domicile\/\" class=\"post-list-item-thumb \">\n            <img width=\"720\" height=\"960\" src=\"https:\/\/vetequid.com\/wp-content\/uploads\/2020\/01\/47421412_355683235236212_3088469926961217536_n.jpg\" class=\"attachment-post-thumbnail size-post-thumbnail wp-post-image\" alt=\"\" loading=\"lazy\" srcset=\"https:\/\/vetequid.com\/wp-content\/uploads\/2020\/01\/47421412_355683235236212_3088469926961217536_n.jpg 720w, https:\/\/vetequid.com\/wp-content\/uploads\/2020\/01\/47421412_355683235236212_3088469926961217536_n-225x300.jpg 225w\" sizes=\"(max-width: 720px) 100vw, 720px\" \/>        <\/a>\n    <\/div>\n                <\/div>\r\n        \r\n        <div class=\"post-content-body col-padding  \">\r\n                            <div class=\"space-bottom-small\">\r\n                    <a href=\"https:\/\/vetequid.com\/index.php\/category\/non-classe\/\"  class=\"button color5 link \">Non class\u00e9<\/a>                <\/div>\r\n            \r\n            <h4 class=\"latest-news-item-title\">\r\n                <a href=\"https:\/\/vetequid.com\/index.php\/2020\/01\/27\/veterinaire-a-domicile\/\" rel=\"bookmark\">\r\n                    V\u00e9t\u00e9rinaire \u00e9quin \u00e0 domicile                <\/a>\r\n            <\/h4>\r\n\r\n            \r\n            <div class=\"latest-news-item-excerpt\">\r\n                <p>J&rsquo;ai une activit\u00e9 itin\u00e9rante pure. Je me d\u00e9place donc directement aupr\u00e8s de votre cheval quelque[&hellip;]<\/p>\n            <\/div>\r\n\r\n\r\n        <\/div>\r\n                            <div class=\"mdc-card__actions box-padding-lr-small text-dark\">\r\n                <div class=\"mdc-card__action-icons col-xs-12 text-dark col-sm-fit no-padding-left\">\r\n                        <a class=\"post-footer-link\" href=\"https:\/\/vetequid.com\/index.php\/2020\/01\/27\/veterinaire-a-domicile\/\">\r\n        <i class=\"mdi small mdi-comment-outline mdc-card__action mdc-card__action--icon color-darkgray\" title=\"Comments\"><\/i>\r\n        <span class=\"post-footer-value\">0<\/span>\r\n    <\/a>\r\n    <a class=\"post-footer-link\" href=\"https:\/\/vetequid.com\/index.php\/2020\/01\/27\/veterinaire-a-domicile\/\">\r\n        <i class=\"mdi small mdi-clock mdc-card__action mdc-card__action--icon color-darkgray\" title=\"Post Time\"><\/i>\r\n        <span class=\"post-footer-value\">27 janvier 2020<\/span>\r\n    <\/a>\r\n                    <\/div>\r\n                <div class=\"mdc-card__action-buttons col-xs-12 col-sm-fit no-padding\">\r\n                    <a href=\"https:\/\/vetequid.com\/index.php\/2020\/01\/27\/veterinaire-a-domicile\/\" class=\"button color2 link\">Lire la suite<\/a>\r\n                <\/div>\r\n            <\/div>\r\n            <\/div>\r\n                <\/div>\r\n            <\/div>\r\n    <\/div>\n<\/div>\n<div class=\"row\">\n<div class=\"text-center\"><a class=\"button big color1 mdc-elevation--z3 mdc-ripple-upgraded\" style=\"--mdc-ripple-fg-size: 121.397px; --mdc-ripple-fg-scale: 1.80738;\" href=\"https:\/\/vetequid.com\/index.php\/actualites\/\" target=\"_self\" rel=\"noopener noreferrer\" data-attr-shortcode=\"href:materialis_blog_link\">VISIT OUR BLOG<\/a><\/div>\n<\/div>\n<\/div>\n<\/div>\n<\/div>\n<\/div>","protected":false},"excerpt":{"rendered":"<p>Mon parcours \u00ab\u00a0Dipl\u00f4m\u00e9e de l\u2019Ecole Nationale V\u00e9t\u00e9rinaire de Lyon (ENVL) en 2011, j\u2019ai compl\u00e9t\u00e9 ma formation en me sp\u00e9cialisant dans la pratique v\u00e9t\u00e9rinaire aupr\u00e8s de chevaux lors d\u2019un internat \u00e0 l\u2019ENVL. Tr\u00e8s t\u00f4t int\u00e9ress\u00e9e par l\u2019ophtalmologie, j\u2019ai soutenu ma th\u00e8se au sujet d\u2019Anomalies Cong\u00e9nitales Oculaires Multiples, et je suis titulaire du Dipl\u00f4me d\u2019Ecole (DE) d\u2019Ophtalmologie\u00a0de&nbsp;&hellip;<\/p>\n","protected":false},"author":1,"featured_media":27,"parent":0,"menu_order":0,"comment_status":"closed","ping_status":"closed","template":"page-templates\/homepage.php","meta":[],"_links":{"self":[{"href":"https:\/\/vetequid.com\/index.php\/wp-json\/wp\/v2\/pages\/89"}],"collection":[{"href":"https:\/\/vetequid.com\/index.php\/wp-json\/wp\/v2\/pages"}],"about":[{"href":"https:\/\/vetequid.com\/index.php\/wp-json\/wp\/v2\/types\/page"}],"author":[{"embeddable":true,"href":"https:\/\/vetequid.com\/index.php\/wp-json\/wp\/v2\/users\/1"}],"replies":[{"embeddable":true,"href":"https:\/\/vetequid.com\/index.php\/wp-json\/wp\/v2\/comments?post=89"}],"version-history":[{"count":61,"href":"https:\/\/vetequid.com\/index.php\/wp-json\/wp\/v2\/pages\/89\/revisions"}],"predecessor-version":[{"id":496,"href":"https:\/\/vetequid.com\/index.php\/wp-json\/wp\/v2\/pages\/89\/revisions\/496"}],"wp:featuredmedia":[{"embeddable":true,"href":"https:\/\/vetequid.com\/index.php\/wp-json\/wp\/v2\/media\/27"}],"wp:attachment":[{"href":"https:\/\/vetequid.com\/index.php\/wp-json\/wp\/v2\/media?parent=89"}],"curies":[{"name":"wp","href":"https:\/\/api.w.org\/{rel}","templated":true}]}}